{"id":3575,"date":"2023-10-18T16:55:57","date_gmt":"2023-10-18T16:55:57","guid":{"rendered":"https:\/\/hclinical.com\/recrutamento-de-doentes\/"},"modified":"2025-05-22T00:31:52","modified_gmt":"2025-05-22T00:31:52","slug":"recrutamento-de-doentes","status":"publish","type":"page","link":"https:\/\/hclinical.com\/pt-br\/recrutamento-de-doentes\/","title":{"rendered":"Recrutamento de doentes"},"content":{"rendered":"","protected":false},"excerpt":{"rendered":"","protected":false},"author":5,"featured_media":1911,"parent":0,"menu_order":0,"comment_status":"closed","ping_status":"closed","template":"pages\/template-flex.php","meta":{"_acf_changed":false,"footnotes":""},"class_list":["post-3575","page","type-page","status-publish","has-post-thumbnail","hentry"],"acf":[],"yoast_head":"<!-- This site is optimized with the Yoast SEO plugin v26.8 - https:\/\/yoast.com\/product\/yoast-seo-wordpress\/ -->\n<title>Recrutamento de Pacientes para Estudos Cl\u00ednicos na Am\u00e9rica Latina | H Clinical<\/title>\n<meta name=\"description\" content=\"A H Clinical aplica estrat\u00e9gias de recrutamento de pacientes com base na comunidade na Am\u00e9rica Latina para aumentar a diversidade, o registro e a reten\u00e7\u00e3o de pacientes.\" \/>\n<meta name=\"robots\" content=\"index, follow, max-snippet:-1, max-image-preview:large, max-video-preview:-1\" \/>\n<link rel=\"canonical\" href=\"https:\/\/hclinical.com\/pt-br\/recrutamento-de-doentes\/\" \/>\n<meta property=\"og:locale\" content=\"pt_BR\" \/>\n<meta property=\"og:type\" content=\"article\" \/>\n<meta property=\"og:title\" content=\"Recrutamento de Pacientes para Estudos Cl\u00ednicos na Am\u00e9rica Latina | H Clinical\" \/>\n<meta property=\"og:description\" content=\"A H Clinical aplica estrat\u00e9gias de recrutamento de pacientes com base na comunidade na Am\u00e9rica Latina para aumentar a diversidade, o registro e a reten\u00e7\u00e3o de pacientes.\" \/>\n<meta property=\"og:url\" content=\"https:\/\/hclinical.com\/pt-br\/recrutamento-de-doentes\/\" \/>\n<meta property=\"og:site_name\" content=\"H Clinical\" \/>\n<meta property=\"article:modified_time\" content=\"2025-05-22T00:31:52+00:00\" \/>\n<meta property=\"og:image\" content=\"https:\/\/hclinical.com\/wp-content\/uploads\/2023\/10\/hclinical-header-patient-recruitment-scaled.jpg\" \/>\n\t<meta property=\"og:image:width\" content=\"2560\" \/>\n\t<meta property=\"og:image:height\" content=\"929\" \/>\n\t<meta property=\"og:image:type\" content=\"image\/jpeg\" \/>\n<meta name=\"twitter:card\" content=\"summary_large_image\" \/>\n<script type=\"application\/ld+json\" class=\"yoast-schema-graph\">{\"@context\":\"https:\/\/schema.org\",\"@graph\":[{\"@type\":\"WebPage\",\"@id\":\"https:\/\/hclinical.com\/pt-br\/recrutamento-de-doentes\/\",\"url\":\"https:\/\/hclinical.com\/pt-br\/recrutamento-de-doentes\/\",\"name\":\"Recrutamento de Pacientes para Estudos Cl\u00ednicos na Am\u00e9rica Latina | H Clinical\",\"isPartOf\":{\"@id\":\"https:\/\/hclinical.com\/#website\"},\"primaryImageOfPage\":{\"@id\":\"https:\/\/hclinical.com\/pt-br\/recrutamento-de-doentes\/#primaryimage\"},\"image\":{\"@id\":\"https:\/\/hclinical.com\/pt-br\/recrutamento-de-doentes\/#primaryimage\"},\"thumbnailUrl\":\"https:\/\/hclinical.com\/wp-content\/uploads\/2023\/10\/hclinical-header-patient-recruitment-scaled.jpg\",\"datePublished\":\"2023-10-18T16:55:57+00:00\",\"dateModified\":\"2025-05-22T00:31:52+00:00\",\"description\":\"A H Clinical aplica estrat\u00e9gias de recrutamento de pacientes com base na comunidade na Am\u00e9rica Latina para aumentar a diversidade, o registro e a reten\u00e7\u00e3o de pacientes.\",\"breadcrumb\":{\"@id\":\"https:\/\/hclinical.com\/pt-br\/recrutamento-de-doentes\/#breadcrumb\"},\"inLanguage\":\"pt-BR\",\"potentialAction\":[{\"@type\":\"ReadAction\",\"target\":[\"https:\/\/hclinical.com\/pt-br\/recrutamento-de-doentes\/\"]}]},{\"@type\":\"ImageObject\",\"inLanguage\":\"pt-BR\",\"@id\":\"https:\/\/hclinical.com\/pt-br\/recrutamento-de-doentes\/#primaryimage\",\"url\":\"https:\/\/hclinical.com\/wp-content\/uploads\/2023\/10\/hclinical-header-patient-recruitment-scaled.jpg\",\"contentUrl\":\"https:\/\/hclinical.com\/wp-content\/uploads\/2023\/10\/hclinical-header-patient-recruitment-scaled.jpg\",\"width\":2560,\"height\":929},{\"@type\":\"BreadcrumbList\",\"@id\":\"https:\/\/hclinical.com\/pt-br\/recrutamento-de-doentes\/#breadcrumb\",\"itemListElement\":[{\"@type\":\"ListItem\",\"position\":1,\"name\":\"Home\",\"item\":\"https:\/\/hclinical.com\/pt-br\/inicio\/\"},{\"@type\":\"ListItem\",\"position\":2,\"name\":\"Recrutamento de doentes\"}]},{\"@type\":\"WebSite\",\"@id\":\"https:\/\/hclinical.com\/#website\",\"url\":\"https:\/\/hclinical.com\/\",\"name\":\"H Clinical\",\"description\":\"Bringing clinical research home\",\"publisher\":{\"@id\":\"https:\/\/hclinical.com\/#organization\"},\"potentialAction\":[{\"@type\":\"SearchAction\",\"target\":{\"@type\":\"EntryPoint\",\"urlTemplate\":\"https:\/\/hclinical.com\/?s={search_term_string}\"},\"query-input\":{\"@type\":\"PropertyValueSpecification\",\"valueRequired\":true,\"valueName\":\"search_term_string\"}}],\"inLanguage\":\"pt-BR\"},{\"@type\":\"Organization\",\"@id\":\"https:\/\/hclinical.com\/#organization\",\"name\":\"H Clinical\",\"url\":\"https:\/\/hclinical.com\/\",\"logo\":{\"@type\":\"ImageObject\",\"inLanguage\":\"pt-BR\",\"@id\":\"https:\/\/hclinical.com\/#\/schema\/logo\/image\/\",\"url\":\"https:\/\/hclinical.com\/wp-content\/uploads\/2020\/12\/logo-blue.png\",\"contentUrl\":\"https:\/\/hclinical.com\/wp-content\/uploads\/2020\/12\/logo-blue.png\",\"width\":1000,\"height\":328,\"caption\":\"H Clinical\"},\"image\":{\"@id\":\"https:\/\/hclinical.com\/#\/schema\/logo\/image\/\"},\"sameAs\":[\"https:\/\/www.linkedin.com\/company\/h-clinical\"]}]}<\/script>\n<!-- \/ Yoast SEO plugin. -->","yoast_head_json":{"title":"Recrutamento de Pacientes para Estudos Cl\u00ednicos na Am\u00e9rica Latina | H Clinical","description":"A H Clinical aplica estrat\u00e9gias de recrutamento de pacientes com base na comunidade na Am\u00e9rica Latina para aumentar a diversidade, o registro e a reten\u00e7\u00e3o de pacientes.","robots":{"index":"index","follow":"follow","max-snippet":"max-snippet:-1","max-image-preview":"max-image-preview:large","max-video-preview":"max-video-preview:-1"},"canonical":"https:\/\/hclinical.com\/pt-br\/recrutamento-de-doentes\/","og_locale":"pt_BR","og_type":"article","og_title":"Recrutamento de Pacientes para Estudos Cl\u00ednicos na Am\u00e9rica Latina | H Clinical","og_description":"A H Clinical aplica estrat\u00e9gias de recrutamento de pacientes com base na comunidade na Am\u00e9rica Latina para aumentar a diversidade, o registro e a reten\u00e7\u00e3o de pacientes.","og_url":"https:\/\/hclinical.com\/pt-br\/recrutamento-de-doentes\/","og_site_name":"H Clinical","article_modified_time":"2025-05-22T00:31:52+00:00","og_image":[{"width":2560,"height":929,"url":"https:\/\/hclinical.com\/wp-content\/uploads\/2023\/10\/hclinical-header-patient-recruitment-scaled.jpg","type":"image\/jpeg"}],"twitter_card":"summary_large_image","schema":{"@context":"https:\/\/schema.org","@graph":[{"@type":"WebPage","@id":"https:\/\/hclinical.com\/pt-br\/recrutamento-de-doentes\/","url":"https:\/\/hclinical.com\/pt-br\/recrutamento-de-doentes\/","name":"Recrutamento de Pacientes para Estudos Cl\u00ednicos na Am\u00e9rica Latina | H Clinical","isPartOf":{"@id":"https:\/\/hclinical.com\/#website"},"primaryImageOfPage":{"@id":"https:\/\/hclinical.com\/pt-br\/recrutamento-de-doentes\/#primaryimage"},"image":{"@id":"https:\/\/hclinical.com\/pt-br\/recrutamento-de-doentes\/#primaryimage"},"thumbnailUrl":"https:\/\/hclinical.com\/wp-content\/uploads\/2023\/10\/hclinical-header-patient-recruitment-scaled.jpg","datePublished":"2023-10-18T16:55:57+00:00","dateModified":"2025-05-22T00:31:52+00:00","description":"A H Clinical aplica estrat\u00e9gias de recrutamento de pacientes com base na comunidade na Am\u00e9rica Latina para aumentar a diversidade, o registro e a reten\u00e7\u00e3o de pacientes.","breadcrumb":{"@id":"https:\/\/hclinical.com\/pt-br\/recrutamento-de-doentes\/#breadcrumb"},"inLanguage":"pt-BR","potentialAction":[{"@type":"ReadAction","target":["https:\/\/hclinical.com\/pt-br\/recrutamento-de-doentes\/"]}]},{"@type":"ImageObject","inLanguage":"pt-BR","@id":"https:\/\/hclinical.com\/pt-br\/recrutamento-de-doentes\/#primaryimage","url":"https:\/\/hclinical.com\/wp-content\/uploads\/2023\/10\/hclinical-header-patient-recruitment-scaled.jpg","contentUrl":"https:\/\/hclinical.com\/wp-content\/uploads\/2023\/10\/hclinical-header-patient-recruitment-scaled.jpg","width":2560,"height":929},{"@type":"BreadcrumbList","@id":"https:\/\/hclinical.com\/pt-br\/recrutamento-de-doentes\/#breadcrumb","itemListElement":[{"@type":"ListItem","position":1,"name":"Home","item":"https:\/\/hclinical.com\/pt-br\/inicio\/"},{"@type":"ListItem","position":2,"name":"Recrutamento de doentes"}]},{"@type":"WebSite","@id":"https:\/\/hclinical.com\/#website","url":"https:\/\/hclinical.com\/","name":"H Clinical","description":"Bringing clinical research home","publisher":{"@id":"https:\/\/hclinical.com\/#organization"},"potentialAction":[{"@type":"SearchAction","target":{"@type":"EntryPoint","urlTemplate":"https:\/\/hclinical.com\/?s={search_term_string}"},"query-input":{"@type":"PropertyValueSpecification","valueRequired":true,"valueName":"search_term_string"}}],"inLanguage":"pt-BR"},{"@type":"Organization","@id":"https:\/\/hclinical.com\/#organization","name":"H Clinical","url":"https:\/\/hclinical.com\/","logo":{"@type":"ImageObject","inLanguage":"pt-BR","@id":"https:\/\/hclinical.com\/#\/schema\/logo\/image\/","url":"https:\/\/hclinical.com\/wp-content\/uploads\/2020\/12\/logo-blue.png","contentUrl":"https:\/\/hclinical.com\/wp-content\/uploads\/2020\/12\/logo-blue.png","width":1000,"height":328,"caption":"H Clinical"},"image":{"@id":"https:\/\/hclinical.com\/#\/schema\/logo\/image\/"},"sameAs":["https:\/\/www.linkedin.com\/company\/h-clinical"]}]}},"_links":{"self":[{"href":"https:\/\/hclinical.com\/pt-br\/wp-json\/wp\/v2\/pages\/3575","targetHints":{"allow":["GET"]}}],"collection":[{"href":"https:\/\/hclinical.com\/pt-br\/wp-json\/wp\/v2\/pages"}],"about":[{"href":"https:\/\/hclinical.com\/pt-br\/wp-json\/wp\/v2\/types\/page"}],"author":[{"embeddable":true,"href":"https:\/\/hclinical.com\/pt-br\/wp-json\/wp\/v2\/users\/5"}],"replies":[{"embeddable":true,"href":"https:\/\/hclinical.com\/pt-br\/wp-json\/wp\/v2\/comments?post=3575"}],"version-history":[{"count":0,"href":"https:\/\/hclinical.com\/pt-br\/wp-json\/wp\/v2\/pages\/3575\/revisions"}],"wp:featuredmedia":[{"embeddable":true,"href":"https:\/\/hclinical.com\/pt-br\/wp-json\/wp\/v2\/media\/1911"}],"wp:attachment":[{"href":"https:\/\/hclinical.com\/pt-br\/wp-json\/wp\/v2\/media?parent=3575"}],"curies":[{"name":"wp","href":"https:\/\/api.w.org\/{rel}","templated":true}]}}