{"id":1295,"date":"2020-11-20T12:06:57","date_gmt":"2020-11-20T12:06:57","guid":{"rendered":"https:\/\/hclinical.com\/capacidades\/"},"modified":"2025-04-26T00:19:51","modified_gmt":"2025-04-26T00:19:51","slug":"capacidades","status":"publish","type":"page","link":"https:\/\/hclinical.com\/pt-br\/capacidades\/","title":{"rendered":"Capacidades"},"content":{"rendered":"","protected":false},"excerpt":{"rendered":"","protected":false},"author":3,"featured_media":0,"parent":0,"menu_order":0,"comment_status":"closed","ping_status":"closed","template":"pages\/template-flex.php","meta":{"_acf_changed":false,"footnotes":""},"class_list":["post-1295","page","type-page","status-publish","hentry"],"acf":[],"yoast_head":"<!-- This site is optimized with the Yoast SEO plugin v26.8 - https:\/\/yoast.com\/product\/yoast-seo-wordpress\/ -->\n<title>Capacidades de Ensaios Cl\u00ednicos na Am\u00e9rica Latina | H Clinical<\/title>\n<meta name=\"description\" content=\"Os recursos de ensaios cl\u00ednicos da H s\u00e3o especializados para a Am\u00e9rica Latina. Entre em contato conosco para saber mais sobre como podemos apoiar seu estudo cl\u00ednico.\" \/>\n<meta name=\"robots\" content=\"index, follow, max-snippet:-1, max-image-preview:large, max-video-preview:-1\" \/>\n<link rel=\"canonical\" href=\"https:\/\/hclinical.com\/pt-br\/?page_id=1295\" \/>\n<meta property=\"og:locale\" content=\"pt_BR\" \/>\n<meta property=\"og:type\" content=\"article\" \/>\n<meta property=\"og:title\" content=\"Capacidades de Ensaios Cl\u00ednicos na Am\u00e9rica Latina | H Clinical\" \/>\n<meta property=\"og:description\" content=\"Os recursos de ensaios cl\u00ednicos da H s\u00e3o especializados para a Am\u00e9rica Latina. Entre em contato conosco para saber mais sobre como podemos apoiar seu estudo cl\u00ednico.\" \/>\n<meta property=\"og:url\" content=\"https:\/\/hclinical.com\/pt-br\/?page_id=1295\" \/>\n<meta property=\"og:site_name\" content=\"H Clinical\" \/>\n<meta property=\"article:modified_time\" content=\"2025-04-26T00:19:51+00:00\" \/>\n<meta name=\"twitter:card\" content=\"summary_large_image\" \/>\n<script type=\"application\/ld+json\" class=\"yoast-schema-graph\">{\"@context\":\"https:\/\/schema.org\",\"@graph\":[{\"@type\":\"WebPage\",\"@id\":\"https:\/\/hclinical.com\/pt-br\/?page_id=1295\",\"url\":\"https:\/\/hclinical.com\/pt-br\/?page_id=1295\",\"name\":\"Capacidades de Ensaios Cl\u00ednicos na Am\u00e9rica Latina | H Clinical\",\"isPartOf\":{\"@id\":\"https:\/\/hclinical.com\/#website\"},\"datePublished\":\"2020-11-20T12:06:57+00:00\",\"dateModified\":\"2025-04-26T00:19:51+00:00\",\"description\":\"Os recursos de ensaios cl\u00ednicos da H s\u00e3o especializados para a Am\u00e9rica Latina. Entre em contato conosco para saber mais sobre como podemos apoiar seu estudo cl\u00ednico.\",\"breadcrumb\":{\"@id\":\"https:\/\/hclinical.com\/pt-br\/?page_id=1295#breadcrumb\"},\"inLanguage\":\"pt-BR\",\"potentialAction\":[{\"@type\":\"ReadAction\",\"target\":[\"https:\/\/hclinical.com\/pt-br\/?page_id=1295\"]}]},{\"@type\":\"BreadcrumbList\",\"@id\":\"https:\/\/hclinical.com\/pt-br\/?page_id=1295#breadcrumb\",\"itemListElement\":[{\"@type\":\"ListItem\",\"position\":1,\"name\":\"Home\",\"item\":\"https:\/\/hclinical.com\/pt-br\/inicio\/\"},{\"@type\":\"ListItem\",\"position\":2,\"name\":\"Capacidades\"}]},{\"@type\":\"WebSite\",\"@id\":\"https:\/\/hclinical.com\/#website\",\"url\":\"https:\/\/hclinical.com\/\",\"name\":\"H Clinical\",\"description\":\"Bringing clinical research home\",\"publisher\":{\"@id\":\"https:\/\/hclinical.com\/#organization\"},\"potentialAction\":[{\"@type\":\"SearchAction\",\"target\":{\"@type\":\"EntryPoint\",\"urlTemplate\":\"https:\/\/hclinical.com\/?s={search_term_string}\"},\"query-input\":{\"@type\":\"PropertyValueSpecification\",\"valueRequired\":true,\"valueName\":\"search_term_string\"}}],\"inLanguage\":\"pt-BR\"},{\"@type\":\"Organization\",\"@id\":\"https:\/\/hclinical.com\/#organization\",\"name\":\"H Clinical\",\"url\":\"https:\/\/hclinical.com\/\",\"logo\":{\"@type\":\"ImageObject\",\"inLanguage\":\"pt-BR\",\"@id\":\"https:\/\/hclinical.com\/#\/schema\/logo\/image\/\",\"url\":\"https:\/\/hclinical.com\/wp-content\/uploads\/2020\/12\/logo-blue.png\",\"contentUrl\":\"https:\/\/hclinical.com\/wp-content\/uploads\/2020\/12\/logo-blue.png\",\"width\":1000,\"height\":328,\"caption\":\"H Clinical\"},\"image\":{\"@id\":\"https:\/\/hclinical.com\/#\/schema\/logo\/image\/\"},\"sameAs\":[\"https:\/\/www.linkedin.com\/company\/h-clinical\"]}]}<\/script>\n<!-- \/ Yoast SEO plugin. -->","yoast_head_json":{"title":"Capacidades de Ensaios Cl\u00ednicos na Am\u00e9rica Latina | H Clinical","description":"Os recursos de ensaios cl\u00ednicos da H s\u00e3o especializados para a Am\u00e9rica Latina. Entre em contato conosco para saber mais sobre como podemos apoiar seu estudo cl\u00ednico.","robots":{"index":"index","follow":"follow","max-snippet":"max-snippet:-1","max-image-preview":"max-image-preview:large","max-video-preview":"max-video-preview:-1"},"canonical":"https:\/\/hclinical.com\/pt-br\/?page_id=1295","og_locale":"pt_BR","og_type":"article","og_title":"Capacidades de Ensaios Cl\u00ednicos na Am\u00e9rica Latina | H Clinical","og_description":"Os recursos de ensaios cl\u00ednicos da H s\u00e3o especializados para a Am\u00e9rica Latina. Entre em contato conosco para saber mais sobre como podemos apoiar seu estudo cl\u00ednico.","og_url":"https:\/\/hclinical.com\/pt-br\/?page_id=1295","og_site_name":"H Clinical","article_modified_time":"2025-04-26T00:19:51+00:00","twitter_card":"summary_large_image","schema":{"@context":"https:\/\/schema.org","@graph":[{"@type":"WebPage","@id":"https:\/\/hclinical.com\/pt-br\/?page_id=1295","url":"https:\/\/hclinical.com\/pt-br\/?page_id=1295","name":"Capacidades de Ensaios Cl\u00ednicos na Am\u00e9rica Latina | H Clinical","isPartOf":{"@id":"https:\/\/hclinical.com\/#website"},"datePublished":"2020-11-20T12:06:57+00:00","dateModified":"2025-04-26T00:19:51+00:00","description":"Os recursos de ensaios cl\u00ednicos da H s\u00e3o especializados para a Am\u00e9rica Latina. Entre em contato conosco para saber mais sobre como podemos apoiar seu estudo cl\u00ednico.","breadcrumb":{"@id":"https:\/\/hclinical.com\/pt-br\/?page_id=1295#breadcrumb"},"inLanguage":"pt-BR","potentialAction":[{"@type":"ReadAction","target":["https:\/\/hclinical.com\/pt-br\/?page_id=1295"]}]},{"@type":"BreadcrumbList","@id":"https:\/\/hclinical.com\/pt-br\/?page_id=1295#breadcrumb","itemListElement":[{"@type":"ListItem","position":1,"name":"Home","item":"https:\/\/hclinical.com\/pt-br\/inicio\/"},{"@type":"ListItem","position":2,"name":"Capacidades"}]},{"@type":"WebSite","@id":"https:\/\/hclinical.com\/#website","url":"https:\/\/hclinical.com\/","name":"H Clinical","description":"Bringing clinical research home","publisher":{"@id":"https:\/\/hclinical.com\/#organization"},"potentialAction":[{"@type":"SearchAction","target":{"@type":"EntryPoint","urlTemplate":"https:\/\/hclinical.com\/?s={search_term_string}"},"query-input":{"@type":"PropertyValueSpecification","valueRequired":true,"valueName":"search_term_string"}}],"inLanguage":"pt-BR"},{"@type":"Organization","@id":"https:\/\/hclinical.com\/#organization","name":"H Clinical","url":"https:\/\/hclinical.com\/","logo":{"@type":"ImageObject","inLanguage":"pt-BR","@id":"https:\/\/hclinical.com\/#\/schema\/logo\/image\/","url":"https:\/\/hclinical.com\/wp-content\/uploads\/2020\/12\/logo-blue.png","contentUrl":"https:\/\/hclinical.com\/wp-content\/uploads\/2020\/12\/logo-blue.png","width":1000,"height":328,"caption":"H Clinical"},"image":{"@id":"https:\/\/hclinical.com\/#\/schema\/logo\/image\/"},"sameAs":["https:\/\/www.linkedin.com\/company\/h-clinical"]}]}},"_links":{"self":[{"href":"https:\/\/hclinical.com\/pt-br\/wp-json\/wp\/v2\/pages\/1295","targetHints":{"allow":["GET"]}}],"collection":[{"href":"https:\/\/hclinical.com\/pt-br\/wp-json\/wp\/v2\/pages"}],"about":[{"href":"https:\/\/hclinical.com\/pt-br\/wp-json\/wp\/v2\/types\/page"}],"author":[{"embeddable":true,"href":"https:\/\/hclinical.com\/pt-br\/wp-json\/wp\/v2\/users\/3"}],"replies":[{"embeddable":true,"href":"https:\/\/hclinical.com\/pt-br\/wp-json\/wp\/v2\/comments?post=1295"}],"version-history":[{"count":0,"href":"https:\/\/hclinical.com\/pt-br\/wp-json\/wp\/v2\/pages\/1295\/revisions"}],"wp:attachment":[{"href":"https:\/\/hclinical.com\/pt-br\/wp-json\/wp\/v2\/media?parent=1295"}],"curies":[{"name":"wp","href":"https:\/\/api.w.org\/{rel}","templated":true}]}}