{"id":1259,"date":"2020-12-01T14:53:03","date_gmt":"2020-12-01T14:53:03","guid":{"rendered":"https:\/\/hclinical.com\/areas-terapeuticas\/"},"modified":"2024-04-09T16:59:11","modified_gmt":"2024-04-09T16:59:11","slug":"areas-terapeuticas","status":"publish","type":"page","link":"https:\/\/hclinical.com\/pt-br\/areas-terapeuticas\/","title":{"rendered":"\u00c1reas terap\u00eauticas"},"content":{"rendered":"\n<h2 class=\"wp-block-heading\">O que \u00e9 Lorem Ipsum?<\/h2>\n\n<p><strong>Lorem Ipsum<\/strong> \u00e9 simplesmente um texto fict\u00edcio da ind\u00fastria gr\u00e1fica e tipogr\u00e1fica. O Lorem Ipsum tem sido o texto fict\u00edcio padr\u00e3o da ind\u00fastria desde os anos 1500, quando um impressor desconhecido pegou numa gal\u00e9 de tipos e a misturou para fazer um livro de amostras de tipos. Sobreviveu n\u00e3o s\u00f3 a cinco s\u00e9culos, mas tamb\u00e9m ao salto para a composi\u00e7\u00e3o eletr\u00f3nica, mantendo-se essencialmente inalterado. Foi popularizado nos anos 60 com o lan\u00e7amento de folhas Letraset contendo passagens Lorem Ipsum e, mais recentemente, com software de edi\u00e7\u00e3o eletr\u00f3nica como o Aldus PageMaker, que inclu\u00eda vers\u00f5es de Lorem Ipsum.<\/p>\n\n<h2 class=\"wp-block-heading\">Porque \u00e9 que o utilizamos?<\/h2>\n\n<p>\u00c9 um facto h\u00e1 muito estabelecido que um leitor se distrai do conte\u00fado leg\u00edvel de uma p\u00e1gina quando olha para a sua apresenta\u00e7\u00e3o. O objetivo da utiliza\u00e7\u00e3o de Lorem Ipsum \u00e9 o facto de ter uma distribui\u00e7\u00e3o mais ou menos normal das letras, em vez de utilizar &#8220;Conte\u00fado aqui, conte\u00fado aqui&#8221;, fazendo com que pare\u00e7a um ingl\u00eas leg\u00edvel. Muitos pacotes de edi\u00e7\u00e3o eletr\u00f3nica e editores de p\u00e1ginas Web utilizam atualmente a Lorem Ipsum como modelo de texto por defeito, e uma pesquisa por &#8220;lorem ipsum&#8221; revelar\u00e1 muitos s\u00edtios Web ainda na sua inf\u00e2ncia. Ao longo dos anos, foram surgindo v\u00e1rias vers\u00f5es, por vezes acidentalmente, outras vezes propositadamente (humor injetado, etc.).<\/p>\n\n<h2 class=\"wp-block-heading\">De onde \u00e9 que ele vem?<\/h2>\n\n<p>Ao contr\u00e1rio do que se pensa, Lorem Ipsum n\u00e3o \u00e9 simplesmente um texto aleat\u00f3rio. Tem ra\u00edzes numa pe\u00e7a de literatura latina cl\u00e1ssica de 45 a.C., o que faz com que tenha mais de 2000 anos. Richard McClintock, um professor de latim do Hampden-Sydney College, na Virg\u00ednia, procurou uma das palavras latinas mais obscuras, consectetur, numa passagem de Lorem Ipsum e, ao analisar as cita\u00e7\u00f5es da palavra na literatura cl\u00e1ssica, descobriu a fonte indubit\u00e1vel. Lorem Ipsum vem das sec\u00e7\u00f5es 1.10.32 e 1.10.33 de &#8220;de Finibus Bonorum et Malorum&#8221; (Os extremos do bem e do mal) de C\u00edcero, escrito em 45 a.C. Este livro \u00e9 um tratado sobre a teoria da \u00e9tica, muito popular durante o Renascimento. A primeira linha do Lorem Ipsum, &#8220;Lorem ipsum dolor sit amet&#8230;&#8221;, vem de uma linha da sec\u00e7\u00e3o 1.10.32.<\/p>\n\n<p>Para os interessados, reproduz-se de seguida o modelo de Lorem Ipsum utilizado desde 1500. As sec\u00e7\u00f5es 1.10.32 e 1.10.33 de &#8220;de Finibus Bonorum et Malorum&#8221; de C\u00edcero s\u00e3o tamb\u00e9m reproduzidas na sua forma original exacta, acompanhadas de vers\u00f5es inglesas da tradu\u00e7\u00e3o de 1914 por H. Rackham.<\/p>\n","protected":false},"excerpt":{"rendered":"<p>O que \u00e9 Lorem Ipsum? Lorem Ipsum \u00e9 simplesmente um texto fict\u00edcio da ind\u00fastria gr\u00e1fica e tipogr\u00e1fica. O Lorem Ipsum tem sido o texto fict\u00edcio padr\u00e3o da ind\u00fastria desde os anos 1500, quando um impressor desconhecido pegou numa gal\u00e9 de tipos e a misturou para fazer um livro de amostras de tipos. Sobreviveu n\u00e3o s\u00f3 [&hellip;]<\/p>\n","protected":false},"author":3,"featured_media":0,"parent":0,"menu_order":0,"comment_status":"closed","ping_status":"closed","template":"pages\/template-flex.php","meta":{"_acf_changed":false,"footnotes":""},"class_list":["post-1259","page","type-page","status-publish","hentry"],"acf":[],"yoast_head":"<!-- This site is optimized with the Yoast SEO plugin v26.8 - https:\/\/yoast.com\/product\/yoast-seo-wordpress\/ -->\n<title>\u00c1reas terap\u00eauticas | H Clinical Servi\u00e7os de ensaios cl\u00ednicos no domic\u00edlio<\/title>\n<meta name=\"description\" content=\"Quer se trate de um pequeno ensaio de uma doen\u00e7a rara ou de um estudo de uma vacina em grande escala, a H Clinical tem os servi\u00e7os de visita domicili\u00e1ria e a infraestrutura para satisfazer as suas necessidades.\" \/>\n<meta name=\"robots\" content=\"index, follow, max-snippet:-1, max-image-preview:large, max-video-preview:-1\" \/>\n<link rel=\"canonical\" href=\"https:\/\/hclinical.com\/pt-br\/?page_id=1259\" \/>\n<meta property=\"og:locale\" content=\"pt_BR\" \/>\n<meta property=\"og:type\" content=\"article\" \/>\n<meta property=\"og:title\" content=\"\u00c1reas terap\u00eauticas | H Clinical Servi\u00e7os de ensaios cl\u00ednicos no domic\u00edlio\" \/>\n<meta property=\"og:description\" content=\"Quer se trate de um pequeno ensaio de uma doen\u00e7a rara ou de um estudo de uma vacina em grande escala, a H Clinical tem os servi\u00e7os de visita domicili\u00e1ria e a infraestrutura para satisfazer as suas necessidades.\" \/>\n<meta property=\"og:url\" content=\"https:\/\/hclinical.com\/pt-br\/?page_id=1259\" \/>\n<meta property=\"og:site_name\" content=\"H Clinical\" \/>\n<meta property=\"article:modified_time\" content=\"2024-04-09T16:59:11+00:00\" \/>\n<meta name=\"twitter:card\" content=\"summary_large_image\" \/>\n<meta name=\"twitter:label1\" content=\"Est. tempo de leitura\" \/>\n\t<meta name=\"twitter:data1\" content=\"2 minutos\" \/>\n<script type=\"application\/ld+json\" class=\"yoast-schema-graph\">{\"@context\":\"https:\/\/schema.org\",\"@graph\":[{\"@type\":\"WebPage\",\"@id\":\"https:\/\/hclinical.com\/pt-br\/?page_id=1259\",\"url\":\"https:\/\/hclinical.com\/pt-br\/?page_id=1259\",\"name\":\"\u00c1reas terap\u00eauticas | H Clinical Servi\u00e7os de ensaios cl\u00ednicos no domic\u00edlio\",\"isPartOf\":{\"@id\":\"https:\/\/hclinical.com\/#website\"},\"datePublished\":\"2020-12-01T14:53:03+00:00\",\"dateModified\":\"2024-04-09T16:59:11+00:00\",\"description\":\"Quer se trate de um pequeno ensaio de uma doen\u00e7a rara ou de um estudo de uma vacina em grande escala, a H Clinical tem os servi\u00e7os de visita domicili\u00e1ria e a infraestrutura para satisfazer as suas necessidades.\",\"breadcrumb\":{\"@id\":\"https:\/\/hclinical.com\/pt-br\/?page_id=1259#breadcrumb\"},\"inLanguage\":\"pt-BR\",\"potentialAction\":[{\"@type\":\"ReadAction\",\"target\":[\"https:\/\/hclinical.com\/pt-br\/?page_id=1259\"]}]},{\"@type\":\"BreadcrumbList\",\"@id\":\"https:\/\/hclinical.com\/pt-br\/?page_id=1259#breadcrumb\",\"itemListElement\":[{\"@type\":\"ListItem\",\"position\":1,\"name\":\"Home\",\"item\":\"https:\/\/hclinical.com\/pt-br\/inicio\/\"},{\"@type\":\"ListItem\",\"position\":2,\"name\":\"\u00c1reas terap\u00eauticas\"}]},{\"@type\":\"WebSite\",\"@id\":\"https:\/\/hclinical.com\/#website\",\"url\":\"https:\/\/hclinical.com\/\",\"name\":\"H Clinical\",\"description\":\"Bringing clinical research home\",\"publisher\":{\"@id\":\"https:\/\/hclinical.com\/#organization\"},\"potentialAction\":[{\"@type\":\"SearchAction\",\"target\":{\"@type\":\"EntryPoint\",\"urlTemplate\":\"https:\/\/hclinical.com\/?s={search_term_string}\"},\"query-input\":{\"@type\":\"PropertyValueSpecification\",\"valueRequired\":true,\"valueName\":\"search_term_string\"}}],\"inLanguage\":\"pt-BR\"},{\"@type\":\"Organization\",\"@id\":\"https:\/\/hclinical.com\/#organization\",\"name\":\"H Clinical\",\"url\":\"https:\/\/hclinical.com\/\",\"logo\":{\"@type\":\"ImageObject\",\"inLanguage\":\"pt-BR\",\"@id\":\"https:\/\/hclinical.com\/#\/schema\/logo\/image\/\",\"url\":\"https:\/\/hclinical.com\/wp-content\/uploads\/2020\/12\/logo-blue.png\",\"contentUrl\":\"https:\/\/hclinical.com\/wp-content\/uploads\/2020\/12\/logo-blue.png\",\"width\":1000,\"height\":328,\"caption\":\"H Clinical\"},\"image\":{\"@id\":\"https:\/\/hclinical.com\/#\/schema\/logo\/image\/\"},\"sameAs\":[\"https:\/\/www.linkedin.com\/company\/h-clinical\"]}]}<\/script>\n<!-- \/ Yoast SEO plugin. -->","yoast_head_json":{"title":"\u00c1reas terap\u00eauticas | H Clinical Servi\u00e7os de ensaios cl\u00ednicos no domic\u00edlio","description":"Quer se trate de um pequeno ensaio de uma doen\u00e7a rara ou de um estudo de uma vacina em grande escala, a H Clinical tem os servi\u00e7os de visita domicili\u00e1ria e a infraestrutura para satisfazer as suas necessidades.","robots":{"index":"index","follow":"follow","max-snippet":"max-snippet:-1","max-image-preview":"max-image-preview:large","max-video-preview":"max-video-preview:-1"},"canonical":"https:\/\/hclinical.com\/pt-br\/?page_id=1259","og_locale":"pt_BR","og_type":"article","og_title":"\u00c1reas terap\u00eauticas | H Clinical Servi\u00e7os de ensaios cl\u00ednicos no domic\u00edlio","og_description":"Quer se trate de um pequeno ensaio de uma doen\u00e7a rara ou de um estudo de uma vacina em grande escala, a H Clinical tem os servi\u00e7os de visita domicili\u00e1ria e a infraestrutura para satisfazer as suas necessidades.","og_url":"https:\/\/hclinical.com\/pt-br\/?page_id=1259","og_site_name":"H Clinical","article_modified_time":"2024-04-09T16:59:11+00:00","twitter_card":"summary_large_image","twitter_misc":{"Est. tempo de leitura":"2 minutos"},"schema":{"@context":"https:\/\/schema.org","@graph":[{"@type":"WebPage","@id":"https:\/\/hclinical.com\/pt-br\/?page_id=1259","url":"https:\/\/hclinical.com\/pt-br\/?page_id=1259","name":"\u00c1reas terap\u00eauticas | H Clinical Servi\u00e7os de ensaios cl\u00ednicos no domic\u00edlio","isPartOf":{"@id":"https:\/\/hclinical.com\/#website"},"datePublished":"2020-12-01T14:53:03+00:00","dateModified":"2024-04-09T16:59:11+00:00","description":"Quer se trate de um pequeno ensaio de uma doen\u00e7a rara ou de um estudo de uma vacina em grande escala, a H Clinical tem os servi\u00e7os de visita domicili\u00e1ria e a infraestrutura para satisfazer as suas necessidades.","breadcrumb":{"@id":"https:\/\/hclinical.com\/pt-br\/?page_id=1259#breadcrumb"},"inLanguage":"pt-BR","potentialAction":[{"@type":"ReadAction","target":["https:\/\/hclinical.com\/pt-br\/?page_id=1259"]}]},{"@type":"BreadcrumbList","@id":"https:\/\/hclinical.com\/pt-br\/?page_id=1259#breadcrumb","itemListElement":[{"@type":"ListItem","position":1,"name":"Home","item":"https:\/\/hclinical.com\/pt-br\/inicio\/"},{"@type":"ListItem","position":2,"name":"\u00c1reas terap\u00eauticas"}]},{"@type":"WebSite","@id":"https:\/\/hclinical.com\/#website","url":"https:\/\/hclinical.com\/","name":"H Clinical","description":"Bringing clinical research home","publisher":{"@id":"https:\/\/hclinical.com\/#organization"},"potentialAction":[{"@type":"SearchAction","target":{"@type":"EntryPoint","urlTemplate":"https:\/\/hclinical.com\/?s={search_term_string}"},"query-input":{"@type":"PropertyValueSpecification","valueRequired":true,"valueName":"search_term_string"}}],"inLanguage":"pt-BR"},{"@type":"Organization","@id":"https:\/\/hclinical.com\/#organization","name":"H Clinical","url":"https:\/\/hclinical.com\/","logo":{"@type":"ImageObject","inLanguage":"pt-BR","@id":"https:\/\/hclinical.com\/#\/schema\/logo\/image\/","url":"https:\/\/hclinical.com\/wp-content\/uploads\/2020\/12\/logo-blue.png","contentUrl":"https:\/\/hclinical.com\/wp-content\/uploads\/2020\/12\/logo-blue.png","width":1000,"height":328,"caption":"H Clinical"},"image":{"@id":"https:\/\/hclinical.com\/#\/schema\/logo\/image\/"},"sameAs":["https:\/\/www.linkedin.com\/company\/h-clinical"]}]}},"_links":{"self":[{"href":"https:\/\/hclinical.com\/pt-br\/wp-json\/wp\/v2\/pages\/1259","targetHints":{"allow":["GET"]}}],"collection":[{"href":"https:\/\/hclinical.com\/pt-br\/wp-json\/wp\/v2\/pages"}],"about":[{"href":"https:\/\/hclinical.com\/pt-br\/wp-json\/wp\/v2\/types\/page"}],"author":[{"embeddable":true,"href":"https:\/\/hclinical.com\/pt-br\/wp-json\/wp\/v2\/users\/3"}],"replies":[{"embeddable":true,"href":"https:\/\/hclinical.com\/pt-br\/wp-json\/wp\/v2\/comments?post=1259"}],"version-history":[{"count":0,"href":"https:\/\/hclinical.com\/pt-br\/wp-json\/wp\/v2\/pages\/1259\/revisions"}],"wp:attachment":[{"href":"https:\/\/hclinical.com\/pt-br\/wp-json\/wp\/v2\/media?parent=1259"}],"curies":[{"name":"wp","href":"https:\/\/api.w.org\/{rel}","templated":true}]}}