{"id":328,"date":"2020-12-01T14:52:44","date_gmt":"2020-12-01T14:52:44","guid":{"rendered":"https:\/\/hclinical.wpengine.com\/?page_id=328"},"modified":"2025-06-19T17:28:07","modified_gmt":"2025-06-19T17:28:07","slug":"tipos-de-ensayos-clinicos","status":"publish","type":"page","link":"https:\/\/hclinical.com\/es\/tipos-de-ensayos-clinicos\/","title":{"rendered":"Tipos de Ensayos Cl\u00ednicos"},"content":{"rendered":"","protected":false},"excerpt":{"rendered":"","protected":false},"author":3,"featured_media":0,"parent":0,"menu_order":0,"comment_status":"closed","ping_status":"closed","template":"pages\/template-flex.php","meta":{"_acf_changed":false,"footnotes":""},"class_list":["post-328","page","type-page","status-publish","hentry"],"acf":[],"yoast_head":"<!-- This site is optimized with the Yoast SEO plugin v26.8 - https:\/\/yoast.com\/product\/yoast-seo-wordpress\/ -->\n<title>Apoyar Todos los Tipos de Ensayos Cl\u00ednicos en Am\u00e9rica Latina | H Clinical<\/title>\n<meta name=\"description\" content=\"Soluciones para ayudar a las compa\u00f1\u00edas farmac\u00e9uticas a simplificar y respaldar todos los tipos de ensayos cl\u00ednicos en toda Am\u00e9rica Latina.\" \/>\n<meta name=\"robots\" content=\"index, follow, max-snippet:-1, max-image-preview:large, max-video-preview:-1\" \/>\n<link rel=\"canonical\" href=\"https:\/\/hclinical.com\/es\/tipos-de-ensayos-clinicos\/\" \/>\n<meta property=\"og:locale\" content=\"es_ES\" \/>\n<meta property=\"og:type\" content=\"article\" \/>\n<meta property=\"og:title\" content=\"Apoyar Todos los Tipos de Ensayos Cl\u00ednicos en Am\u00e9rica Latina | H Clinical\" \/>\n<meta property=\"og:description\" content=\"Soluciones para ayudar a las compa\u00f1\u00edas farmac\u00e9uticas a simplificar y respaldar todos los tipos de ensayos cl\u00ednicos en toda Am\u00e9rica Latina.\" \/>\n<meta property=\"og:url\" content=\"https:\/\/hclinical.com\/es\/tipos-de-ensayos-clinicos\/\" \/>\n<meta property=\"og:site_name\" content=\"H Clinical\" \/>\n<meta property=\"article:modified_time\" content=\"2025-06-19T17:28:07+00:00\" \/>\n<meta name=\"twitter:card\" content=\"summary_large_image\" \/>\n<meta name=\"twitter:label1\" content=\"Tiempo de lectura\" \/>\n\t<meta name=\"twitter:data1\" content=\"5 minutos\" \/>\n<script type=\"application\/ld+json\" class=\"yoast-schema-graph\">{\"@context\":\"https:\/\/schema.org\",\"@graph\":[{\"@type\":\"WebPage\",\"@id\":\"https:\/\/hclinical.com\/es\/tipos-de-ensayos-clinicos\/\",\"url\":\"https:\/\/hclinical.com\/es\/tipos-de-ensayos-clinicos\/\",\"name\":\"Apoyar Todos los Tipos de Ensayos Cl\u00ednicos en Am\u00e9rica Latina | H Clinical\",\"isPartOf\":{\"@id\":\"https:\/\/hclinical.com\/#website\"},\"datePublished\":\"2020-12-01T14:52:44+00:00\",\"dateModified\":\"2025-06-19T17:28:07+00:00\",\"description\":\"Soluciones para ayudar a las compa\u00f1\u00edas farmac\u00e9uticas a simplificar y respaldar todos los tipos de ensayos cl\u00ednicos en toda Am\u00e9rica Latina.\",\"breadcrumb\":{\"@id\":\"https:\/\/hclinical.com\/es\/tipos-de-ensayos-clinicos\/#breadcrumb\"},\"inLanguage\":\"es\",\"potentialAction\":[{\"@type\":\"ReadAction\",\"target\":[\"https:\/\/hclinical.com\/es\/tipos-de-ensayos-clinicos\/\"]}]},{\"@type\":\"BreadcrumbList\",\"@id\":\"https:\/\/hclinical.com\/es\/tipos-de-ensayos-clinicos\/#breadcrumb\",\"itemListElement\":[{\"@type\":\"ListItem\",\"position\":1,\"name\":\"Home\",\"item\":\"https:\/\/hclinical.com\/es\/\"},{\"@type\":\"ListItem\",\"position\":2,\"name\":\"Tipos de Ensayos Cl\u00ednicos\"}]},{\"@type\":\"WebSite\",\"@id\":\"https:\/\/hclinical.com\/#website\",\"url\":\"https:\/\/hclinical.com\/\",\"name\":\"H Clinical\",\"description\":\"Bringing clinical research home\",\"publisher\":{\"@id\":\"https:\/\/hclinical.com\/#organization\"},\"potentialAction\":[{\"@type\":\"SearchAction\",\"target\":{\"@type\":\"EntryPoint\",\"urlTemplate\":\"https:\/\/hclinical.com\/?s={search_term_string}\"},\"query-input\":{\"@type\":\"PropertyValueSpecification\",\"valueRequired\":true,\"valueName\":\"search_term_string\"}}],\"inLanguage\":\"es\"},{\"@type\":\"Organization\",\"@id\":\"https:\/\/hclinical.com\/#organization\",\"name\":\"H Clinical\",\"url\":\"https:\/\/hclinical.com\/\",\"logo\":{\"@type\":\"ImageObject\",\"inLanguage\":\"es\",\"@id\":\"https:\/\/hclinical.com\/#\/schema\/logo\/image\/\",\"url\":\"https:\/\/hclinical.com\/wp-content\/uploads\/2020\/12\/logo-blue.png\",\"contentUrl\":\"https:\/\/hclinical.com\/wp-content\/uploads\/2020\/12\/logo-blue.png\",\"width\":1000,\"height\":328,\"caption\":\"H Clinical\"},\"image\":{\"@id\":\"https:\/\/hclinical.com\/#\/schema\/logo\/image\/\"},\"sameAs\":[\"https:\/\/www.linkedin.com\/company\/h-clinical\"]}]}<\/script>\n<!-- \/ Yoast SEO plugin. -->","yoast_head_json":{"title":"Apoyar Todos los Tipos de Ensayos Cl\u00ednicos en Am\u00e9rica Latina | H Clinical","description":"Soluciones para ayudar a las compa\u00f1\u00edas farmac\u00e9uticas a simplificar y respaldar todos los tipos de ensayos cl\u00ednicos en toda Am\u00e9rica Latina.","robots":{"index":"index","follow":"follow","max-snippet":"max-snippet:-1","max-image-preview":"max-image-preview:large","max-video-preview":"max-video-preview:-1"},"canonical":"https:\/\/hclinical.com\/es\/tipos-de-ensayos-clinicos\/","og_locale":"es_ES","og_type":"article","og_title":"Apoyar Todos los Tipos de Ensayos Cl\u00ednicos en Am\u00e9rica Latina | H Clinical","og_description":"Soluciones para ayudar a las compa\u00f1\u00edas farmac\u00e9uticas a simplificar y respaldar todos los tipos de ensayos cl\u00ednicos en toda Am\u00e9rica Latina.","og_url":"https:\/\/hclinical.com\/es\/tipos-de-ensayos-clinicos\/","og_site_name":"H Clinical","article_modified_time":"2025-06-19T17:28:07+00:00","twitter_card":"summary_large_image","twitter_misc":{"Tiempo de lectura":"5 minutos"},"schema":{"@context":"https:\/\/schema.org","@graph":[{"@type":"WebPage","@id":"https:\/\/hclinical.com\/es\/tipos-de-ensayos-clinicos\/","url":"https:\/\/hclinical.com\/es\/tipos-de-ensayos-clinicos\/","name":"Apoyar Todos los Tipos de Ensayos Cl\u00ednicos en Am\u00e9rica Latina | H Clinical","isPartOf":{"@id":"https:\/\/hclinical.com\/#website"},"datePublished":"2020-12-01T14:52:44+00:00","dateModified":"2025-06-19T17:28:07+00:00","description":"Soluciones para ayudar a las compa\u00f1\u00edas farmac\u00e9uticas a simplificar y respaldar todos los tipos de ensayos cl\u00ednicos en toda Am\u00e9rica Latina.","breadcrumb":{"@id":"https:\/\/hclinical.com\/es\/tipos-de-ensayos-clinicos\/#breadcrumb"},"inLanguage":"es","potentialAction":[{"@type":"ReadAction","target":["https:\/\/hclinical.com\/es\/tipos-de-ensayos-clinicos\/"]}]},{"@type":"BreadcrumbList","@id":"https:\/\/hclinical.com\/es\/tipos-de-ensayos-clinicos\/#breadcrumb","itemListElement":[{"@type":"ListItem","position":1,"name":"Home","item":"https:\/\/hclinical.com\/es\/"},{"@type":"ListItem","position":2,"name":"Tipos de Ensayos Cl\u00ednicos"}]},{"@type":"WebSite","@id":"https:\/\/hclinical.com\/#website","url":"https:\/\/hclinical.com\/","name":"H Clinical","description":"Bringing clinical research home","publisher":{"@id":"https:\/\/hclinical.com\/#organization"},"potentialAction":[{"@type":"SearchAction","target":{"@type":"EntryPoint","urlTemplate":"https:\/\/hclinical.com\/?s={search_term_string}"},"query-input":{"@type":"PropertyValueSpecification","valueRequired":true,"valueName":"search_term_string"}}],"inLanguage":"es"},{"@type":"Organization","@id":"https:\/\/hclinical.com\/#organization","name":"H Clinical","url":"https:\/\/hclinical.com\/","logo":{"@type":"ImageObject","inLanguage":"es","@id":"https:\/\/hclinical.com\/#\/schema\/logo\/image\/","url":"https:\/\/hclinical.com\/wp-content\/uploads\/2020\/12\/logo-blue.png","contentUrl":"https:\/\/hclinical.com\/wp-content\/uploads\/2020\/12\/logo-blue.png","width":1000,"height":328,"caption":"H Clinical"},"image":{"@id":"https:\/\/hclinical.com\/#\/schema\/logo\/image\/"},"sameAs":["https:\/\/www.linkedin.com\/company\/h-clinical"]}]}},"_links":{"self":[{"href":"https:\/\/hclinical.com\/es\/wp-json\/wp\/v2\/pages\/328","targetHints":{"allow":["GET"]}}],"collection":[{"href":"https:\/\/hclinical.com\/es\/wp-json\/wp\/v2\/pages"}],"about":[{"href":"https:\/\/hclinical.com\/es\/wp-json\/wp\/v2\/types\/page"}],"author":[{"embeddable":true,"href":"https:\/\/hclinical.com\/es\/wp-json\/wp\/v2\/users\/3"}],"replies":[{"embeddable":true,"href":"https:\/\/hclinical.com\/es\/wp-json\/wp\/v2\/comments?post=328"}],"version-history":[{"count":0,"href":"https:\/\/hclinical.com\/es\/wp-json\/wp\/v2\/pages\/328\/revisions"}],"wp:attachment":[{"href":"https:\/\/hclinical.com\/es\/wp-json\/wp\/v2\/media?parent=328"}],"curies":[{"name":"wp","href":"https:\/\/api.w.org\/{rel}","templated":true}]}}