{"id":165,"date":"2020-11-20T11:55:50","date_gmt":"2020-11-20T11:55:50","guid":{"rendered":"https:\/\/hclinical.wpengine.com\/?page_id=165"},"modified":"2025-05-13T23:58:01","modified_gmt":"2025-05-13T23:58:01","slug":"home-es","status":"publish","type":"page","link":"https:\/\/hclinical.com\/es\/","title":{"rendered":"Inicio"},"content":{"rendered":"","protected":false},"excerpt":{"rendered":"","protected":false},"author":3,"featured_media":0,"parent":0,"menu_order":0,"comment_status":"closed","ping_status":"closed","template":"pages\/template-flex.php","meta":{"_acf_changed":false,"footnotes":""},"class_list":["post-165","page","type-page","status-publish","hentry"],"acf":[],"yoast_head":"<!-- This site is optimized with the Yoast SEO plugin v26.8 - https:\/\/yoast.com\/product\/yoast-seo-wordpress\/ -->\n<title>Soluciones para Ensayos Cl\u00ednicos en Am\u00e9rica Latina y Visitas a Domicilio | H Clinical<\/title>\n<meta name=\"description\" content=\"H Clinical es una organizaci\u00f3n basada en la comunidad y los pacientes que simplifica los ensayos cl\u00ednicos en Latinoam\u00e9rica para pacientes, patrocinadores, CROs y centros.\" \/>\n<meta name=\"robots\" content=\"index, follow, max-snippet:-1, max-image-preview:large, max-video-preview:-1\" \/>\n<link rel=\"canonical\" href=\"https:\/\/hclinical.com\/es\/\" \/>\n<meta property=\"og:locale\" content=\"es_ES\" \/>\n<meta property=\"og:type\" content=\"article\" \/>\n<meta property=\"og:title\" content=\"Soluciones para Ensayos Cl\u00ednicos en Am\u00e9rica Latina y Visitas a Domicilio | H Clinical\" \/>\n<meta property=\"og:description\" content=\"H Clinical es una organizaci\u00f3n basada en la comunidad y los pacientes que simplifica los ensayos cl\u00ednicos en Latinoam\u00e9rica para pacientes, patrocinadores, CROs y centros.\" \/>\n<meta property=\"og:url\" content=\"https:\/\/hclinical.com\/es\/\" \/>\n<meta property=\"og:site_name\" content=\"H Clinical\" \/>\n<meta property=\"article:modified_time\" content=\"2025-05-13T23:58:01+00:00\" \/>\n<meta name=\"twitter:card\" content=\"summary_large_image\" \/>\n<meta name=\"twitter:label1\" content=\"Tiempo de lectura\" \/>\n\t<meta name=\"twitter:data1\" content=\"3 minutos\" \/>\n<script type=\"application\/ld+json\" class=\"yoast-schema-graph\">{\"@context\":\"https:\/\/schema.org\",\"@graph\":[{\"@type\":\"WebPage\",\"@id\":\"https:\/\/hclinical.com\/es\/\",\"url\":\"https:\/\/hclinical.com\/es\/\",\"name\":\"Soluciones para Ensayos Cl\u00ednicos en Am\u00e9rica Latina y Visitas a Domicilio | H Clinical\",\"isPartOf\":{\"@id\":\"https:\/\/hclinical.com\/#website\"},\"datePublished\":\"2020-11-20T11:55:50+00:00\",\"dateModified\":\"2025-05-13T23:58:01+00:00\",\"description\":\"H Clinical es una organizaci\u00f3n basada en la comunidad y los pacientes que simplifica los ensayos cl\u00ednicos en Latinoam\u00e9rica para pacientes, patrocinadores, CROs y centros.\",\"breadcrumb\":{\"@id\":\"https:\/\/hclinical.com\/es\/#breadcrumb\"},\"inLanguage\":\"es\",\"potentialAction\":[{\"@type\":\"ReadAction\",\"target\":[\"https:\/\/hclinical.com\/es\/\"]}]},{\"@type\":\"BreadcrumbList\",\"@id\":\"https:\/\/hclinical.com\/es\/#breadcrumb\",\"itemListElement\":[{\"@type\":\"ListItem\",\"position\":1,\"name\":\"Home\",\"item\":\"https:\/\/hclinical.com\/es\/\"},{\"@type\":\"ListItem\",\"position\":2,\"name\":\"Inicio\"}]},{\"@type\":\"WebSite\",\"@id\":\"https:\/\/hclinical.com\/#website\",\"url\":\"https:\/\/hclinical.com\/\",\"name\":\"H Clinical\",\"description\":\"Bringing clinical research home\",\"publisher\":{\"@id\":\"https:\/\/hclinical.com\/#organization\"},\"potentialAction\":[{\"@type\":\"SearchAction\",\"target\":{\"@type\":\"EntryPoint\",\"urlTemplate\":\"https:\/\/hclinical.com\/?s={search_term_string}\"},\"query-input\":{\"@type\":\"PropertyValueSpecification\",\"valueRequired\":true,\"valueName\":\"search_term_string\"}}],\"inLanguage\":\"es\"},{\"@type\":\"Organization\",\"@id\":\"https:\/\/hclinical.com\/#organization\",\"name\":\"H Clinical\",\"url\":\"https:\/\/hclinical.com\/\",\"logo\":{\"@type\":\"ImageObject\",\"inLanguage\":\"es\",\"@id\":\"https:\/\/hclinical.com\/#\/schema\/logo\/image\/\",\"url\":\"https:\/\/hclinical.com\/wp-content\/uploads\/2020\/12\/logo-blue.png\",\"contentUrl\":\"https:\/\/hclinical.com\/wp-content\/uploads\/2020\/12\/logo-blue.png\",\"width\":1000,\"height\":328,\"caption\":\"H Clinical\"},\"image\":{\"@id\":\"https:\/\/hclinical.com\/#\/schema\/logo\/image\/\"},\"sameAs\":[\"https:\/\/www.linkedin.com\/company\/h-clinical\"]}]}<\/script>\n<!-- \/ Yoast SEO plugin. -->","yoast_head_json":{"title":"Soluciones para Ensayos Cl\u00ednicos en Am\u00e9rica Latina y Visitas a Domicilio | H Clinical","description":"H Clinical es una organizaci\u00f3n basada en la comunidad y los pacientes que simplifica los ensayos cl\u00ednicos en Latinoam\u00e9rica para pacientes, patrocinadores, CROs y centros.","robots":{"index":"index","follow":"follow","max-snippet":"max-snippet:-1","max-image-preview":"max-image-preview:large","max-video-preview":"max-video-preview:-1"},"canonical":"https:\/\/hclinical.com\/es\/","og_locale":"es_ES","og_type":"article","og_title":"Soluciones para Ensayos Cl\u00ednicos en Am\u00e9rica Latina y Visitas a Domicilio | H Clinical","og_description":"H Clinical es una organizaci\u00f3n basada en la comunidad y los pacientes que simplifica los ensayos cl\u00ednicos en Latinoam\u00e9rica para pacientes, patrocinadores, CROs y centros.","og_url":"https:\/\/hclinical.com\/es\/","og_site_name":"H Clinical","article_modified_time":"2025-05-13T23:58:01+00:00","twitter_card":"summary_large_image","twitter_misc":{"Tiempo de lectura":"3 minutos"},"schema":{"@context":"https:\/\/schema.org","@graph":[{"@type":"WebPage","@id":"https:\/\/hclinical.com\/es\/","url":"https:\/\/hclinical.com\/es\/","name":"Soluciones para Ensayos Cl\u00ednicos en Am\u00e9rica Latina y Visitas a Domicilio | H Clinical","isPartOf":{"@id":"https:\/\/hclinical.com\/#website"},"datePublished":"2020-11-20T11:55:50+00:00","dateModified":"2025-05-13T23:58:01+00:00","description":"H Clinical es una organizaci\u00f3n basada en la comunidad y los pacientes que simplifica los ensayos cl\u00ednicos en Latinoam\u00e9rica para pacientes, patrocinadores, CROs y centros.","breadcrumb":{"@id":"https:\/\/hclinical.com\/es\/#breadcrumb"},"inLanguage":"es","potentialAction":[{"@type":"ReadAction","target":["https:\/\/hclinical.com\/es\/"]}]},{"@type":"BreadcrumbList","@id":"https:\/\/hclinical.com\/es\/#breadcrumb","itemListElement":[{"@type":"ListItem","position":1,"name":"Home","item":"https:\/\/hclinical.com\/es\/"},{"@type":"ListItem","position":2,"name":"Inicio"}]},{"@type":"WebSite","@id":"https:\/\/hclinical.com\/#website","url":"https:\/\/hclinical.com\/","name":"H Clinical","description":"Bringing clinical research home","publisher":{"@id":"https:\/\/hclinical.com\/#organization"},"potentialAction":[{"@type":"SearchAction","target":{"@type":"EntryPoint","urlTemplate":"https:\/\/hclinical.com\/?s={search_term_string}"},"query-input":{"@type":"PropertyValueSpecification","valueRequired":true,"valueName":"search_term_string"}}],"inLanguage":"es"},{"@type":"Organization","@id":"https:\/\/hclinical.com\/#organization","name":"H Clinical","url":"https:\/\/hclinical.com\/","logo":{"@type":"ImageObject","inLanguage":"es","@id":"https:\/\/hclinical.com\/#\/schema\/logo\/image\/","url":"https:\/\/hclinical.com\/wp-content\/uploads\/2020\/12\/logo-blue.png","contentUrl":"https:\/\/hclinical.com\/wp-content\/uploads\/2020\/12\/logo-blue.png","width":1000,"height":328,"caption":"H Clinical"},"image":{"@id":"https:\/\/hclinical.com\/#\/schema\/logo\/image\/"},"sameAs":["https:\/\/www.linkedin.com\/company\/h-clinical"]}]}},"_links":{"self":[{"href":"https:\/\/hclinical.com\/es\/wp-json\/wp\/v2\/pages\/165","targetHints":{"allow":["GET"]}}],"collection":[{"href":"https:\/\/hclinical.com\/es\/wp-json\/wp\/v2\/pages"}],"about":[{"href":"https:\/\/hclinical.com\/es\/wp-json\/wp\/v2\/types\/page"}],"author":[{"embeddable":true,"href":"https:\/\/hclinical.com\/es\/wp-json\/wp\/v2\/users\/3"}],"replies":[{"embeddable":true,"href":"https:\/\/hclinical.com\/es\/wp-json\/wp\/v2\/comments?post=165"}],"version-history":[{"count":0,"href":"https:\/\/hclinical.com\/es\/wp-json\/wp\/v2\/pages\/165\/revisions"}],"wp:attachment":[{"href":"https:\/\/hclinical.com\/es\/wp-json\/wp\/v2\/media?parent=165"}],"curies":[{"name":"wp","href":"https:\/\/api.w.org\/{rel}","templated":true}]}}