{"id":1257,"date":"2020-11-20T12:06:34","date_gmt":"2020-11-20T12:06:34","guid":{"rendered":"https:\/\/hclinical.com\/visitas-a-domicilio\/"},"modified":"2025-05-07T18:35:58","modified_gmt":"2025-05-07T18:35:58","slug":"visitas-domiciliarias-ensayos-clinicos","status":"publish","type":"page","link":"https:\/\/hclinical.com\/es\/visitas-domiciliarias-ensayos-clinicos\/","title":{"rendered":"Visitas a Domicilio"},"content":{"rendered":"","protected":false},"excerpt":{"rendered":"","protected":false},"author":3,"featured_media":0,"parent":0,"menu_order":0,"comment_status":"closed","ping_status":"closed","template":"pages\/template-flex.php","meta":{"_acf_changed":false,"footnotes":""},"class_list":["post-1257","page","type-page","status-publish","hentry"],"acf":[],"yoast_head":"<!-- This site is optimized with the Yoast SEO plugin v26.8 - https:\/\/yoast.com\/product\/yoast-seo-wordpress\/ -->\n<title>Visitas domiciliarias ensayos cl\u00ednicos en Am\u00e9rica Latina | H Clinical<\/title>\n<meta name=\"description\" content=\"Visitas domiciliarias para ensayos cl\u00ednicos de alta calidad que ampl\u00eden el acceso e impulsen la retenci\u00f3n de los pacientes en Latinoam\u00e9rica.\" \/>\n<meta name=\"robots\" content=\"index, follow, max-snippet:-1, max-image-preview:large, max-video-preview:-1\" \/>\n<link rel=\"canonical\" href=\"https:\/\/hclinical.com\/es\/visitas-domiciliarias-ensayos-clinicos\/\" \/>\n<meta property=\"og:locale\" content=\"es_ES\" \/>\n<meta property=\"og:type\" content=\"article\" \/>\n<meta property=\"og:title\" content=\"Visitas domiciliarias ensayos cl\u00ednicos en Am\u00e9rica Latina | H Clinical\" \/>\n<meta property=\"og:description\" content=\"Visitas domiciliarias para ensayos cl\u00ednicos de alta calidad que ampl\u00eden el acceso e impulsen la retenci\u00f3n de los pacientes en Latinoam\u00e9rica.\" \/>\n<meta property=\"og:url\" content=\"https:\/\/hclinical.com\/es\/visitas-domiciliarias-ensayos-clinicos\/\" \/>\n<meta property=\"og:site_name\" content=\"H Clinical\" \/>\n<meta property=\"article:modified_time\" content=\"2025-05-07T18:35:58+00:00\" \/>\n<meta name=\"twitter:card\" content=\"summary_large_image\" \/>\n<meta name=\"twitter:label1\" content=\"Tiempo de lectura\" \/>\n\t<meta name=\"twitter:data1\" content=\"4 minutos\" \/>\n<script type=\"application\/ld+json\" class=\"yoast-schema-graph\">{\"@context\":\"https:\/\/schema.org\",\"@graph\":[{\"@type\":\"WebPage\",\"@id\":\"https:\/\/hclinical.com\/es\/visitas-domiciliarias-ensayos-clinicos\/\",\"url\":\"https:\/\/hclinical.com\/es\/visitas-domiciliarias-ensayos-clinicos\/\",\"name\":\"Visitas domiciliarias ensayos cl\u00ednicos en Am\u00e9rica Latina | H Clinical\",\"isPartOf\":{\"@id\":\"https:\/\/hclinical.com\/#website\"},\"datePublished\":\"2020-11-20T12:06:34+00:00\",\"dateModified\":\"2025-05-07T18:35:58+00:00\",\"description\":\"Visitas domiciliarias para ensayos cl\u00ednicos de alta calidad que ampl\u00eden el acceso e impulsen la retenci\u00f3n de los pacientes en Latinoam\u00e9rica.\",\"breadcrumb\":{\"@id\":\"https:\/\/hclinical.com\/es\/visitas-domiciliarias-ensayos-clinicos\/#breadcrumb\"},\"inLanguage\":\"es\",\"potentialAction\":[{\"@type\":\"ReadAction\",\"target\":[\"https:\/\/hclinical.com\/es\/visitas-domiciliarias-ensayos-clinicos\/\"]}]},{\"@type\":\"BreadcrumbList\",\"@id\":\"https:\/\/hclinical.com\/es\/visitas-domiciliarias-ensayos-clinicos\/#breadcrumb\",\"itemListElement\":[{\"@type\":\"ListItem\",\"position\":1,\"name\":\"Home\",\"item\":\"https:\/\/hclinical.com\/es\/\"},{\"@type\":\"ListItem\",\"position\":2,\"name\":\"Visitas a Domicilio\"}]},{\"@type\":\"WebSite\",\"@id\":\"https:\/\/hclinical.com\/#website\",\"url\":\"https:\/\/hclinical.com\/\",\"name\":\"H Clinical\",\"description\":\"Bringing clinical research home\",\"publisher\":{\"@id\":\"https:\/\/hclinical.com\/#organization\"},\"potentialAction\":[{\"@type\":\"SearchAction\",\"target\":{\"@type\":\"EntryPoint\",\"urlTemplate\":\"https:\/\/hclinical.com\/?s={search_term_string}\"},\"query-input\":{\"@type\":\"PropertyValueSpecification\",\"valueRequired\":true,\"valueName\":\"search_term_string\"}}],\"inLanguage\":\"es\"},{\"@type\":\"Organization\",\"@id\":\"https:\/\/hclinical.com\/#organization\",\"name\":\"H Clinical\",\"url\":\"https:\/\/hclinical.com\/\",\"logo\":{\"@type\":\"ImageObject\",\"inLanguage\":\"es\",\"@id\":\"https:\/\/hclinical.com\/#\/schema\/logo\/image\/\",\"url\":\"https:\/\/hclinical.com\/wp-content\/uploads\/2020\/12\/logo-blue.png\",\"contentUrl\":\"https:\/\/hclinical.com\/wp-content\/uploads\/2020\/12\/logo-blue.png\",\"width\":1000,\"height\":328,\"caption\":\"H Clinical\"},\"image\":{\"@id\":\"https:\/\/hclinical.com\/#\/schema\/logo\/image\/\"},\"sameAs\":[\"https:\/\/www.linkedin.com\/company\/h-clinical\"]}]}<\/script>\n<!-- \/ Yoast SEO plugin. -->","yoast_head_json":{"title":"Visitas domiciliarias ensayos cl\u00ednicos en Am\u00e9rica Latina | H Clinical","description":"Visitas domiciliarias para ensayos cl\u00ednicos de alta calidad que ampl\u00eden el acceso e impulsen la retenci\u00f3n de los pacientes en Latinoam\u00e9rica.","robots":{"index":"index","follow":"follow","max-snippet":"max-snippet:-1","max-image-preview":"max-image-preview:large","max-video-preview":"max-video-preview:-1"},"canonical":"https:\/\/hclinical.com\/es\/visitas-domiciliarias-ensayos-clinicos\/","og_locale":"es_ES","og_type":"article","og_title":"Visitas domiciliarias ensayos cl\u00ednicos en Am\u00e9rica Latina | H Clinical","og_description":"Visitas domiciliarias para ensayos cl\u00ednicos de alta calidad que ampl\u00eden el acceso e impulsen la retenci\u00f3n de los pacientes en Latinoam\u00e9rica.","og_url":"https:\/\/hclinical.com\/es\/visitas-domiciliarias-ensayos-clinicos\/","og_site_name":"H Clinical","article_modified_time":"2025-05-07T18:35:58+00:00","twitter_card":"summary_large_image","twitter_misc":{"Tiempo de lectura":"4 minutos"},"schema":{"@context":"https:\/\/schema.org","@graph":[{"@type":"WebPage","@id":"https:\/\/hclinical.com\/es\/visitas-domiciliarias-ensayos-clinicos\/","url":"https:\/\/hclinical.com\/es\/visitas-domiciliarias-ensayos-clinicos\/","name":"Visitas domiciliarias ensayos cl\u00ednicos en Am\u00e9rica Latina | H Clinical","isPartOf":{"@id":"https:\/\/hclinical.com\/#website"},"datePublished":"2020-11-20T12:06:34+00:00","dateModified":"2025-05-07T18:35:58+00:00","description":"Visitas domiciliarias para ensayos cl\u00ednicos de alta calidad que ampl\u00eden el acceso e impulsen la retenci\u00f3n de los pacientes en Latinoam\u00e9rica.","breadcrumb":{"@id":"https:\/\/hclinical.com\/es\/visitas-domiciliarias-ensayos-clinicos\/#breadcrumb"},"inLanguage":"es","potentialAction":[{"@type":"ReadAction","target":["https:\/\/hclinical.com\/es\/visitas-domiciliarias-ensayos-clinicos\/"]}]},{"@type":"BreadcrumbList","@id":"https:\/\/hclinical.com\/es\/visitas-domiciliarias-ensayos-clinicos\/#breadcrumb","itemListElement":[{"@type":"ListItem","position":1,"name":"Home","item":"https:\/\/hclinical.com\/es\/"},{"@type":"ListItem","position":2,"name":"Visitas a Domicilio"}]},{"@type":"WebSite","@id":"https:\/\/hclinical.com\/#website","url":"https:\/\/hclinical.com\/","name":"H Clinical","description":"Bringing clinical research home","publisher":{"@id":"https:\/\/hclinical.com\/#organization"},"potentialAction":[{"@type":"SearchAction","target":{"@type":"EntryPoint","urlTemplate":"https:\/\/hclinical.com\/?s={search_term_string}"},"query-input":{"@type":"PropertyValueSpecification","valueRequired":true,"valueName":"search_term_string"}}],"inLanguage":"es"},{"@type":"Organization","@id":"https:\/\/hclinical.com\/#organization","name":"H Clinical","url":"https:\/\/hclinical.com\/","logo":{"@type":"ImageObject","inLanguage":"es","@id":"https:\/\/hclinical.com\/#\/schema\/logo\/image\/","url":"https:\/\/hclinical.com\/wp-content\/uploads\/2020\/12\/logo-blue.png","contentUrl":"https:\/\/hclinical.com\/wp-content\/uploads\/2020\/12\/logo-blue.png","width":1000,"height":328,"caption":"H Clinical"},"image":{"@id":"https:\/\/hclinical.com\/#\/schema\/logo\/image\/"},"sameAs":["https:\/\/www.linkedin.com\/company\/h-clinical"]}]}},"_links":{"self":[{"href":"https:\/\/hclinical.com\/es\/wp-json\/wp\/v2\/pages\/1257","targetHints":{"allow":["GET"]}}],"collection":[{"href":"https:\/\/hclinical.com\/es\/wp-json\/wp\/v2\/pages"}],"about":[{"href":"https:\/\/hclinical.com\/es\/wp-json\/wp\/v2\/types\/page"}],"author":[{"embeddable":true,"href":"https:\/\/hclinical.com\/es\/wp-json\/wp\/v2\/users\/3"}],"replies":[{"embeddable":true,"href":"https:\/\/hclinical.com\/es\/wp-json\/wp\/v2\/comments?post=1257"}],"version-history":[{"count":0,"href":"https:\/\/hclinical.com\/es\/wp-json\/wp\/v2\/pages\/1257\/revisions"}],"wp:attachment":[{"href":"https:\/\/hclinical.com\/es\/wp-json\/wp\/v2\/media?parent=1257"}],"curies":[{"name":"wp","href":"https:\/\/api.w.org\/{rel}","templated":true}]}}